{"id":10,"date":"2020-02-22T18:18:45","date_gmt":"2020-02-22T18:18:45","guid":{"rendered":"http:\/\/lederer-ingenieure.com\/?page_id=10"},"modified":"2025-12-21T19:18:37","modified_gmt":"2025-12-21T19:18:37","slug":"bauphysik","status":"publish","type":"page","link":"https:\/\/lederer-ingenieure.de\/?page_id=10","title":{"rendered":"Bauphysik"},"content":{"rendered":"\r\n<div class=\"wp-block-group alignfull\"><div class=\"wp-block-group__inner-container is-layout-flow wp-block-group-is-layout-flow\">\r\n<p>Im Planungsb\u00fcro Lederer erstellen wir in Zusammenarbeit mit REnergie Ingenieure aus Kaiserslautern W\u00e4rmeschutzberechnungen nach EnEV f\u00fcr Wohngeb\u00e4ude sowie nach DIN 18599 f\u00fcr Nichtwohngeb\u00e4ude. Unsere Leistungen umfassen dabei die Erstellung des Energieausweises einschlie\u00dflich des gesetzlich vorgeschriebenen Aushangs.<br><br>Dar\u00fcber hinaus beraten wir Bauherren, Planer und alle am Bau Beteiligten bei der Auswahl geeigneter Materialien sowie bei der Ausarbeitung effizienter und normgerechter Bauteilaufbauten. <br><br>Gerne stehen wir Ihnen zudem beratend bei fachlichen Fragestellungen zu <strong>W\u00e4rme-, Schall- und Brandschutz<\/strong> zur Verf\u00fcgung:<\/p>\r\n\r\n\r\n\r\n\r\n\r\n<figure class=\"wp-block-image size-large is-resized\"><img loading=\"lazy\" decoding=\"async\" src=\"http:\/\/lederer-ingenieure.com\/wp-content\/uploads\/2020\/02\/Energieauweis-2.jpg\" alt=\"\" class=\"wp-image-428\" width=\"220\" height=\"317\" srcset=\"https:\/\/lederer-ingenieure.de\/wp-content\/uploads\/2020\/02\/Energieauweis-2.jpg 233w, https:\/\/lederer-ingenieure.de\/wp-content\/uploads\/2020\/02\/Energieauweis-2-208x300.jpg 208w\" sizes=\"auto, (max-width: 220px) 100vw, 220px\" \/><\/figure>\r\n\r\n\r\n\r\n<p><!--EndFragment--><\/p>\r\n<\/div><\/div>\r\n","protected":false},"excerpt":{"rendered":"<p>Im Planungsb\u00fcro Lederer erstellen wir in Zusammenarbeit mit REnergie Ingenieure aus Kaiserslautern W\u00e4rmeschutzberechnungen nach EnEV f\u00fcr Wohngeb\u00e4ude sowie nach DIN 18599 f\u00fcr Nichtwohngeb\u00e4ude. Unsere<\/p>\n","protected":false},"author":1,"featured_media":0,"parent":0,"menu_order":0,"comment_status":"closed","ping_status":"closed","template":"","meta":{"ngg_post_thumbnail":0,"footnotes":""},"class_list":["post-10","page","type-page","status-publish","hentry"],"_links":{"self":[{"href":"https:\/\/lederer-ingenieure.de\/index.php?rest_route=\/wp\/v2\/pages\/10","targetHints":{"allow":["GET"]}}],"collection":[{"href":"https:\/\/lederer-ingenieure.de\/index.php?rest_route=\/wp\/v2\/pages"}],"about":[{"href":"https:\/\/lederer-ingenieure.de\/index.php?rest_route=\/wp\/v2\/types\/page"}],"author":[{"embeddable":true,"href":"https:\/\/lederer-ingenieure.de\/index.php?rest_route=\/wp\/v2\/users\/1"}],"replies":[{"embeddable":true,"href":"https:\/\/lederer-ingenieure.de\/index.php?rest_route=%2Fwp%2Fv2%2Fcomments&post=10"}],"version-history":[{"count":21,"href":"https:\/\/lederer-ingenieure.de\/index.php?rest_route=\/wp\/v2\/pages\/10\/revisions"}],"predecessor-version":[{"id":2131,"href":"https:\/\/lederer-ingenieure.de\/index.php?rest_route=\/wp\/v2\/pages\/10\/revisions\/2131"}],"wp:attachment":[{"href":"https:\/\/lederer-ingenieure.de\/index.php?rest_route=%2Fwp%2Fv2%2Fmedia&parent=10"}],"curies":[{"name":"wp","href":"https:\/\/api.w.org\/{rel}","templated":true}]}}