{"id":9,"date":"2020-02-22T18:18:45","date_gmt":"2020-02-22T18:18:45","guid":{"rendered":"http:\/\/lederer-ingenieure.com\/?page_id=9"},"modified":"2025-12-21T18:59:33","modified_gmt":"2025-12-21T18:59:33","slug":"tragwerksplanung","status":"publish","type":"page","link":"https:\/\/lederer-ingenieure.de\/?page_id=9","title":{"rendered":"Tragwerksplanung"},"content":{"rendered":"<p>Tragwerksplanung &#8211; Was bedeutet das?<\/p>\n<p>Tragwerksplanung wird h\u00e4ufig auf die Erstellung statischer Berechnungen reduziert. Tats\u00e4chlich geht ihr Leistungsumfang jedoch weit dar\u00fcber hinaus.<\/p>\n<p>Am Beginn jedes Bauvorhabens steht die Entwicklung eines wirtschaftlichen und zugleich sicheren Tragwerkskonzepts. Dieses statische System bildet die Grundlage aller weiteren Berechnungen und sollte fr\u00fchzeitig festgelegt werden. Insbesondere im Hochbau ist hierf\u00fcr eine enge Abstimmung zwischen Bauherr, Architekt und Tragwerksplaner erforderlich. Bereits in der Entwurfsphase tr\u00e4gt das integrale Zusammenwirken von Architektur und Tragwerksplanung ma\u00dfgeblich zum Erfolg des Projekts bei.<\/p>\n<p>Dar\u00fcber hinaus unterst\u00fctzt der Tragwerksplaner bei der Wahl geeigneter Baustoffe und ber\u00e4t zu bauphysikalischen Fragestellungen. Dies setzt fundierte Kenntnisse \u00fcber aktuelle Bauprodukte, Materialien und moderne Fertigungs- und Bauweisen voraus.<\/p>\n<hr>\n<h3 id=\"1269541089\" class=\"u_1269541089 dmNewParagraph\" data-element-type=\"paragraph\"><span class=\"lh-1 size-16\" style=\"color: #ffc000;\">LEISTUNGSPORTFOLIO<\/span><\/h3>\n<div id=\"1358764364\" class=\"dmNewParagraph u_1358764364\" data-dmtmpl=\"true\">\n<div>Lederer Ingenieure bieten umfassende tragwerksplanerische Leistungen im <strong>Massivbau, Stahlbau und Holzbau<\/strong> an. Zum Leistungsspektrum z\u00e4hlen unter anderem Pfahlgr\u00fcndungen, Glockenst\u00fchle und Maschinenfundamente ebenso wie massive Geschossbauten, Stahlkonstruktionen und Holzst\u00e4nderbauweisen.<\/div>\n<hr>\n<h3 id=\"1269541089\" class=\"u_1269541089 dmNewParagraph\" data-element-type=\"paragraph\"><span class=\"lh-1 size-16\" style=\"color: #ffc000;\">WOHNUNGSBAU<\/span><\/h3>\n<div id=\"1358764364\" class=\"dmNewParagraph u_1358764364\" data-dmtmpl=\"true\">\n<div>Im Wohnungsbau begleiten wir Bauherren und Architekten von Massiv- und Holzbauten von der Entwurfsphase bis zur Fertigstellung. Unsere Leistungen umfassen Neubauten ebenso wie Umbau- und Erweiterungsma\u00dfnahmen.<\/div>\n<div>&nbsp;<\/div>\n<div>Dazu geh\u00f6ren die Erstellung der statischen Berechnungen, die Ausf\u00fchrungsplanung (Schal- und Bewehrungspl\u00e4ne, Stahl- und Holzbau\u00fcbersichten) sowie der W\u00e4rmeschutznachweis nach EnEV einschlie\u00dflich Energieausweis.<\/div>\n<div>&nbsp;<\/div>\n<div>Frank Lederer, Inhaber des Ingenieurb\u00fcros, ist Mitglied der Ingenieurkammer Rheinland-Pfalz und in der Liste der Tragwerksplaner eingetragen. Bei Bauvorhaben im vereinfachten Genehmigungsverfahren entf\u00e4llt damit die bautechnische Pr\u00fcfung.<\/div>\n<hr>\n<h3><span class=\"lh-1 size-16\" style=\"color: #ffc000;\">GEWERBE- UND INDUSTRIEBAU<\/span><\/h3>\n<div id=\"1138673517\" class=\"u_1138673517 dmNewParagraph\" data-dmtmpl=\"true\">\n<div>Im Gewerbe- und Industriebau \u00fcbernehmen wir die Tragwerksplanung f\u00fcr Apparateger\u00fcste, Rohrbr\u00fccken bis hin zu kompletten Produktions- und Fertigungsanlagen. Wir begleiten Ihr Projekt von der Planung bis zur Ausf\u00fchrung und erstellen statische Berechnungen, Stahlbau\u00fcbersichten, Werkstattzeichnungen sowie Schal- und Bewehrungspl\u00e4ne.<\/div>\n<\/div>\n<hr>\n<h3 id=\"1961326798\" class=\"u_1961326798 dmNewParagraph\" data-element-type=\"paragraph\"><span class=\"lh-1 size-16\" style=\"color: #ffc000;\">SANIERUNG<\/span><\/h3>\n<div id=\"1270924547\" class=\"u_1270924547 dmNewParagraph\" data-dmtmpl=\"true\">\n<div>Das Bauen im Bestand gewinnt zunehmend an Bedeutung. Im Rahmen von Sanierungen und denkmalpflegerischen Ma\u00dfnahmen ermitteln wir vorhandene Tragreserven, beurteilen die bestehende Bausubstanz, erstellen Gutachten und entwickeln Konzepte zur statischen Ert\u00fcchtigung von Bauwerken. Grundlage hierf\u00fcr sind pr\u00fcff\u00e4hige statische Berechnungen und die zugeh\u00f6rigen Ausf\u00fchrungspl\u00e4ne.<\/div>\n<div>&nbsp;<\/div>\n<div>Gerade bei der Sanierung historischer Geb\u00e4ude profitieren unsere Auftraggeber von unserer langj\u00e4hrigen Erfahrung.<\/div>\n<div>\n<hr>\n<\/div>\n<div>\n<h3 id=\"1091325359\" class=\"u_1091325359 dmNewParagraph\" data-element-type=\"paragraph\"><span class=\"lh-1 size-16\" style=\"color: #ffc000;\">\u00d6FFENTLICHE GEB\u00c4UDE<\/span><\/h3>\n<div id=\"1147292910\" class=\"u_1147292910 dmNewParagraph\" data-dmtmpl=\"true\">\n<div>F\u00fcr \u00f6ffentliche Bauvorhaben bieten wir die Leistungsphasen 1 bis 6 gem\u00e4\u00df \u00a7 51 HOAI an. In allen Planungs- und Bauphasen stehen wir Bauherren und Projektbeteiligten als zuverl\u00e4ssiger Partner zur Seite \u2013 sowohl bei Neubauten als auch bei Umbauten und Erweiterungen.<\/div>\n<\/div>\n<\/div>\n<\/div>\n<\/div>\n","protected":false},"excerpt":{"rendered":"<p>Tragwerksplanung &#8211; Was bedeutet das? Tragwerksplanung wird h\u00e4ufig auf die Erstellung statischer Berechnungen reduziert. Tats\u00e4chlich geht ihr Leistungsumfang jedoch weit dar\u00fcber hinaus. Am Beginn<\/p>\n","protected":false},"author":1,"featured_media":0,"parent":0,"menu_order":0,"comment_status":"closed","ping_status":"closed","template":"","meta":{"ngg_post_thumbnail":0,"footnotes":""},"class_list":["post-9","page","type-page","status-publish","hentry"],"_links":{"self":[{"href":"https:\/\/lederer-ingenieure.de\/index.php?rest_route=\/wp\/v2\/pages\/9","targetHints":{"allow":["GET"]}}],"collection":[{"href":"https:\/\/lederer-ingenieure.de\/index.php?rest_route=\/wp\/v2\/pages"}],"about":[{"href":"https:\/\/lederer-ingenieure.de\/index.php?rest_route=\/wp\/v2\/types\/page"}],"author":[{"embeddable":true,"href":"https:\/\/lederer-ingenieure.de\/index.php?rest_route=\/wp\/v2\/users\/1"}],"replies":[{"embeddable":true,"href":"https:\/\/lederer-ingenieure.de\/index.php?rest_route=%2Fwp%2Fv2%2Fcomments&post=9"}],"version-history":[{"count":17,"href":"https:\/\/lederer-ingenieure.de\/index.php?rest_route=\/wp\/v2\/pages\/9\/revisions"}],"predecessor-version":[{"id":2129,"href":"https:\/\/lederer-ingenieure.de\/index.php?rest_route=\/wp\/v2\/pages\/9\/revisions\/2129"}],"wp:attachment":[{"href":"https:\/\/lederer-ingenieure.de\/index.php?rest_route=%2Fwp%2Fv2%2Fmedia&parent=9"}],"curies":[{"name":"wp","href":"https:\/\/api.w.org\/{rel}","templated":true}]}}